{"id":21,"date":"2020-12-08T03:53:12","date_gmt":"2020-12-08T03:53:12","guid":{"rendered":"https:\/\/gaviaspreview.com\/wp\/conult\/?page_id=21"},"modified":"2022-07-06T16:55:43","modified_gmt":"2022-07-06T19:55:43","slug":"sobre","status":"publish","type":"page","link":"http:\/\/www.apiceadm.com.br\/2022\/sobre\/","title":{"rendered":"Sobre"},"content":{"rendered":"\t\t<div data-elementor-type=\"wp-page\" data-elementor-id=\"21\" class=\"elementor elementor-21\">\n\t\t\t\t\t\t\t\t\t<section class=\"elementor-section elementor-top-section elementor-element elementor-element-bd3c457 elementor-section-boxed elementor-section-height-default elementor-section-height-default\" data-id=\"bd3c457\" data-element_type=\"section\" data-settings=\"{&quot;background_background&quot;:&quot;slideshow&quot;,&quot;background_slideshow_gallery&quot;:[{&quot;id&quot;:1203,&quot;url&quot;:&quot;https:\\\/\\\/gaviaspreview.com\\\/wp\\\/conult\\\/wp-content\\\/uploads\\\/2021\\\/12\\\/bg-9.jpg&quot;},{&quot;id&quot;:1008,&quot;url&quot;:&quot;https:\\\/\\\/gaviaspreview.com\\\/wp\\\/conult\\\/wp-content\\\/uploads\\\/2021\\\/10\\\/breadcrumb.jpg&quot;}],&quot;background_slideshow_ken_burns&quot;:&quot;yes&quot;,&quot;background_slideshow_loop&quot;:&quot;yes&quot;,&quot;background_slideshow_slide_duration&quot;:5000,&quot;background_slideshow_slide_transition&quot;:&quot;fade&quot;,&quot;background_slideshow_transition_duration&quot;:500,&quot;background_slideshow_ken_burns_zoom_direction&quot;:&quot;in&quot;}\">\n\t\t\t\t\t\t<div class=\"elementor-container elementor-column-gap-default\">\n\t\t\t\t\t<div class=\"elementor-column elementor-col-100 elementor-top-column elementor-element elementor-element-b2bb5a3\" data-id=\"b2bb5a3\" data-element_type=\"column\">\n\t\t\t<div class=\"elementor-widget-wrap elementor-element-populated\">\n\t\t\t\t\t\t\t\t<div class=\"elementor-element elementor-element-11f4103 elementor-widget elementor-widget-gva-heading-block\" data-id=\"11f4103\" data-element_type=\"widget\" data-widget_type=\"gva-heading-block.default\">\n\t\t\t\t<div class=\"elementor-widget-container\">\n\t\t\t<div class=\"gva-element-gva-heading-block gva-element\">   <div class=\"align-center style-1 widget gsc-heading box-align-left auto-responsive\">\r\n      <div class=\"content-inner\">\r\n         \r\n         \r\n         \r\n           \r\n         \r\n                     <h2 class=\"title\">\r\n               <span>TECNOLOGIA E SEGURAN\u00c7A AO SEU LADO<\/span>\r\n            <\/h2>\r\n                              <div class=\"title-desc\">Nosso compromisso \u00e9 com o seu sossego.<\/div>\r\n         \r\n         \r\n      <\/div>\r\n   <\/div>\r\n<\/div>\t\t<\/div>\n\t\t\t\t<\/div>\n\t\t\t\t\t<\/div>\n\t\t<\/div>\n\t\t\t\t\t\t\t<\/div>\n\t\t<\/section>\n\t\t\t\t<section class=\"elementor-section elementor-top-section elementor-element elementor-element-cfe9709 elementor-section-boxed elementor-section-height-default elementor-section-height-default\" data-id=\"cfe9709\" data-element_type=\"section\">\n\t\t\t\t\t\t<div class=\"elementor-container elementor-column-gap-default\">\n\t\t\t\t\t<div class=\"elementor-column elementor-col-50 elementor-top-column elementor-element elementor-element-b600727\" data-id=\"b600727\" data-element_type=\"column\">\n\t\t\t<div class=\"elementor-widget-wrap elementor-element-populated\">\n\t\t\t\t\t\t\t\t<div class=\"elementor-element elementor-element-3ce9dddb elementor-widget elementor-widget-gva-heading-block\" data-id=\"3ce9dddb\" data-element_type=\"widget\" data-widget_type=\"gva-heading-block.default\">\n\t\t\t\t<div class=\"elementor-widget-container\">\n\t\t\t<div class=\"gva-element-gva-heading-block gva-element\">   <div class=\"align-left style-1 widget gsc-heading box-align-left auto-responsive\">\r\n      <div class=\"content-inner\">\r\n         \r\n         \r\n         <div class=\"heading-line\"><span><\/span><span><\/span><\/div>\r\n                     <div class=\"sub-title\">\r\n               <span class=\"tagline\">SOBRE A \u00c1PICE<\/span> \r\n            <\/div>\r\n           \r\n         \r\n                     <h2 class=\"title\">\r\n               <span>H\u00e1 mais de 10 anos<\/span>\r\n            <\/h2>\r\n                              <div class=\"title-desc\">Desde janeiro de 2011, a \u00c1pice vem se posicionando entre as maiores empresas prestadoras de servi\u00e7os com o melhor conceito que existe no mercado, o de gerar valores. Empresa que tem como servi\u00e7os: Portaria Virtual e Presencial, Limpeza, Zeladoria, Manuten\u00e7\u00e3o Predial, busca gerar valores entre ela e seus clientes.<\/div>\r\n         \r\n         \r\n      <\/div>\r\n   <\/div>\r\n<\/div>\t\t<\/div>\n\t\t\t\t<\/div>\n\t\t\t\t<div class=\"elementor-element elementor-element-b9b5011 elementor-position-left icon-box-left elementor-view-default elementor-mobile-position-top elementor-vertical-align-top elementor-widget elementor-widget-icon-box\" data-id=\"b9b5011\" data-element_type=\"widget\" data-widget_type=\"icon-box.default\">\n\t\t\t\t<div class=\"elementor-widget-container\">\n\t\t\t<link rel=\"stylesheet\" href=\"http:\/\/www.apiceadm.com.br\/2022\/wp-content\/plugins\/elementor\/assets\/css\/widget-icon-box.min.css\">\t\t<div class=\"elementor-icon-box-wrapper\">\n\t\t\t\t\t\t<div class=\"elementor-icon-box-icon\">\n\t\t\t\t<span class=\"elementor-icon elementor-animation-\" >\n\t\t\t\t<i aria-hidden=\"true\" class=\" flaticon-mission\"><\/i>\t\t\t\t<\/span>\n\t\t\t<\/div>\n\t\t\t\t\t\t<div class=\"elementor-icon-box-content\">\n\t\t\t\t<h3 class=\"elementor-icon-box-title\">\n\t\t\t\t\t<span  >\n\t\t\t\t\t\t+ 100 Clientes satisfeitos\t\t\t\t\t<\/span>\n\t\t\t\t<\/h3>\n\t\t\t\t\t\t\t\t\t<p class=\"elementor-icon-box-description\">\n\t\t\t\t\t\tDesde o seu nascimento a \u00c1pice j\u00e1 atendeu mais de 100 clientes de diversos seguimentos, empresarial e residencial.\t\t\t\t\t<\/p>\n\t\t\t\t\t\t\t<\/div>\n\t\t<\/div>\n\t\t\t\t<\/div>\n\t\t\t\t<\/div>\n\t\t\t\t\t<\/div>\n\t\t<\/div>\n\t\t\t\t<div class=\"elementor-column elementor-col-50 elementor-top-column elementor-element elementor-element-bdc7059\" data-id=\"bdc7059\" data-element_type=\"column\">\n\t\t\t<div class=\"elementor-widget-wrap elementor-element-populated\">\n\t\t\t\t\t\t\t\t<div class=\"elementor-element elementor-element-c8d5d81 elementor-widget elementor-widget-image\" data-id=\"c8d5d81\" data-element_type=\"widget\" data-widget_type=\"image.default\">\n\t\t\t\t<div class=\"elementor-widget-container\">\n\t\t\t<style>\/*! elementor - v3.6.6 - 08-06-2022 *\/\n.elementor-widget-image{text-align:center}.elementor-widget-image a{display:inline-block}.elementor-widget-image a img[src$=\".svg\"]{width:48px}.elementor-widget-image img{vertical-align:middle;display:inline-block}<\/style>\t\t\t\t\t\t\t\t\t\t\t\t<img loading=\"lazy\" decoding=\"async\" width=\"650\" height=\"528\" src=\"http:\/\/www.apiceadm.com.br\/2022\/wp-content\/uploads\/2022\/01\/image-16.jpg\" class=\"attachment-full size-full\" alt=\"\" \/>\t\t\t\t\t\t\t\t\t\t\t\t\t\t\t<\/div>\n\t\t\t\t<\/div>\n\t\t\t\t\t<\/div>\n\t\t<\/div>\n\t\t\t\t\t\t\t<\/div>\n\t\t<\/section>\n\t\t\t\t<section class=\"elementor-section elementor-top-section elementor-element elementor-element-d71cf52 elementor-section-boxed elementor-section-height-default elementor-section-height-default\" data-id=\"d71cf52\" data-element_type=\"section\" data-settings=\"{&quot;background_background&quot;:&quot;classic&quot;}\">\n\t\t\t\t\t\t<div class=\"elementor-container elementor-column-gap-default\">\n\t\t\t\t\t<div class=\"elementor-column elementor-col-100 elementor-top-column elementor-element elementor-element-f061cbe\" data-id=\"f061cbe\" data-element_type=\"column\">\n\t\t\t<div class=\"elementor-widget-wrap elementor-element-populated\">\n\t\t\t\t\t\t\t\t<div class=\"elementor-element elementor-element-0f54925 animated-fast elementor-invisible elementor-widget elementor-widget-gva-heading-block\" data-id=\"0f54925\" data-element_type=\"widget\" data-settings=\"{&quot;_animation&quot;:&quot;fadeInUp&quot;}\" data-widget_type=\"gva-heading-block.default\">\n\t\t\t\t<div class=\"elementor-widget-container\">\n\t\t\t<div class=\"gva-element-gva-heading-block gva-element\">   <div class=\"align-center style-1 widget gsc-heading box-align-center auto-responsive\">\r\n      <div class=\"content-inner\">\r\n         \r\n         \r\n         <div class=\"heading-line\"><span><\/span><span><\/span><\/div>\r\n                     <div class=\"sub-title\">\r\n               <span class=\"tagline\">Nossa lista de coment\u00e1rios<\/span> \r\n            <\/div>\r\n           \r\n         \r\n                     <h2 class=\"title\">\r\n               <span>O que eles est\u00e3o dizendo<\/span>\r\n            <\/h2>\r\n                  \r\n         \r\n      <\/div>\r\n   <\/div>\r\n<\/div>\t\t<\/div>\n\t\t\t\t<\/div>\n\t\t\t\t<div class=\"elementor-element elementor-element-43cd277 dot-number elementor-invisible elementor-widget elementor-widget-gva-testimonials\" data-id=\"43cd277\" data-element_type=\"widget\" data-settings=\"{&quot;_animation&quot;:&quot;fadeIn&quot;}\" data-widget_type=\"gva-testimonials.default\">\n\t\t\t\t<div class=\"elementor-widget-container\">\n\t\t\t<div class=\"gva-element-gva-testimonials gva-element\">\r\n<div class=\"gsc-testimonial layout-carousel swiper-slider-wrapper style-3 \">\r\n   <div class=\"swiper-content-inner\">\r\n      <div class=\"init-carousel-swiper swiper\" data-carousel=\"{&quot;items&quot;:3,&quot;items_lg&quot;:3,&quot;items_md&quot;:3,&quot;items_sm&quot;:2,&quot;items_xs&quot;:1,&quot;items_xx&quot;:1,&quot;effect&quot;:&quot;slide&quot;,&quot;space_between&quot;:30,&quot;loop&quot;:1,&quot;speed&quot;:600,&quot;autoplay&quot;:1,&quot;autoplay_delay&quot;:4500,&quot;autoplay_hover&quot;:1,&quot;navigation&quot;:1,&quot;pagination&quot;:0,&quot;dynamic_bullets&quot;:0,&quot;pagination_type&quot;:&quot;bullets&quot;}\">\r\n         <div class=\"swiper-wrapper\">\r\n                           <div class=\"swiper-slide\">\r\n                 <div class=\"testimonial-item style-3 elementor-repeater-item-b037eb1\">\r\n\t\r\n\t\t\t\r\n\r\n\t\t\t\r\n\r\n\t\t\t\t\t<div class=\"testimonial-item-content\">\r\n\t         <div class=\"testimonial-stars\">\r\n\t         \t<i class=\"fas fa-star active\"><\/i><i class=\"fas fa-star active\"><\/i><i class=\"fas fa-star active\"><\/i><i class=\"fas fa-star active\"><\/i><i class=\"fas fa-star active\"><\/i>\t\t\t\t<\/div>\r\n\t         <div class=\"testimonial-content\">\r\n\t            A \u00c1pice me atende desde 2012 na parte de administra\u00e7\u00e3o e tenho muita satisfa\u00e7\u00e3o com o servi\u00e7o prestado a minha empresa.\t         <\/div>\r\n\t        \t<div class=\"testimonial-meta clearfix\">\r\n\t            <div class=\"testimonial-image\">\r\n\t               <img decoding=\"async\"  src=\"\" alt=\"Arnaldo Filho\" \/>\r\n\t            <\/div>\r\n\t            <div class=\"testimonial-information\">\r\n\t               <span class=\"testimonial-name\">Arnaldo Filho<\/span>\r\n\t               <span class=\"testimonial-job\">Cliente Empresarial<\/span>\r\n\t            <\/div>\r\n\t         <\/div>\r\n\t         <span class=\"icon-quote icon-conult-quotes\"><\/span>\r\n\t      <\/div>   \r\n\t\t\r\n<\/div>\r\n\r\n               <\/div>\r\n                     <\/div>\r\n      <\/div>\r\n   <\/div>   \r\n      <div class=\"swiper-nav-next\"><\/div><div class=\"swiper-nav-prev\"><\/div><\/div>\r\n<\/div>\t\t<\/div>\n\t\t\t\t<\/div>\n\t\t\t\t\t<\/div>\n\t\t<\/div>\n\t\t\t\t\t\t\t<\/div>\n\t\t<\/section>\n\t\t\t\t<section class=\"elementor-section elementor-top-section elementor-element elementor-element-840bc2b elementor-section-boxed elementor-section-height-default elementor-section-height-default\" data-id=\"840bc2b\" data-element_type=\"section\">\n\t\t\t\t\t\t<div class=\"elementor-container elementor-column-gap-default\">\n\t\t\t\t\t<div class=\"elementor-column elementor-col-100 elementor-top-column elementor-element elementor-element-a906c95\" data-id=\"a906c95\" data-element_type=\"column\" data-settings=\"{&quot;background_background&quot;:&quot;classic&quot;}\">\n\t\t\t<div class=\"elementor-widget-wrap elementor-element-populated\">\n\t\t\t\t\t\t\t\t<section class=\"elementor-section elementor-inner-section elementor-element elementor-element-b857a12 elementor-section-full_width elementor-section-height-default elementor-section-height-default\" data-id=\"b857a12\" data-element_type=\"section\">\n\t\t\t\t\t\t<div class=\"elementor-container elementor-column-gap-default\">\n\t\t\t\t\t<div class=\"elementor-column elementor-col-100 elementor-inner-column elementor-element elementor-element-6954f2f col-align-right\" data-id=\"6954f2f\" data-element_type=\"column\">\n\t\t\t<div class=\"elementor-widget-wrap\">\n\t\t\t\t\t\t\t\t\t<\/div>\n\t\t<\/div>\n\t\t\t\t\t\t\t<\/div>\n\t\t<\/section>\n\t\t\t\t<section class=\"elementor-section elementor-inner-section elementor-element elementor-element-492f2fc elementor-section-boxed elementor-section-height-default elementor-section-height-default\" data-id=\"492f2fc\" data-element_type=\"section\">\n\t\t\t\t\t\t<div class=\"elementor-container elementor-column-gap-default\">\n\t\t\t\t\t<div class=\"elementor-column elementor-col-33 elementor-inner-column elementor-element elementor-element-41c9fca\" data-id=\"41c9fca\" data-element_type=\"column\">\n\t\t\t<div class=\"elementor-widget-wrap elementor-element-populated\">\n\t\t\t\t\t\t\t\t<div class=\"elementor-element elementor-element-96688d3 elementor-widget elementor-widget-gva-counter\" data-id=\"96688d3\" data-element_type=\"widget\" data-widget_type=\"gva-counter.default\">\n\t\t\t\t<div class=\"elementor-widget-container\">\n\t\t\t<div class=\"gva-element-gva-counter gva-element\">\r\n         <div class=\"widget milestone-block style-2\">\r\n         <div class=\"box-content\">\r\n                           <div class=\"milestone-icon\">\r\n                  <span class=\"icon\">\r\n                     <i aria-hidden=\"true\" class=\" icon-conult-help\"><\/i>                  <\/span>\r\n               <\/div>\r\n            \r\n            <div class=\"milestone-content\">\r\n               \r\n               <div class=\"milestone-number-inner\">\r\n                                    <span class=\"milestone-number\">100<\/span>\r\n                                 <\/div>\r\n               \r\n                                 <div class=\"milestone-text\">\r\n                      Servi\u00e7os prestados                  <\/div>\r\n               \r\n            <\/div>\r\n            \r\n            \r\n         <\/div>   \r\n      <\/div> \r\n   \r\n<\/div>\t\t<\/div>\n\t\t\t\t<\/div>\n\t\t\t\t\t<\/div>\n\t\t<\/div>\n\t\t\t\t<div class=\"elementor-column elementor-col-33 elementor-inner-column elementor-element elementor-element-0b9c51b\" data-id=\"0b9c51b\" data-element_type=\"column\">\n\t\t\t<div class=\"elementor-widget-wrap elementor-element-populated\">\n\t\t\t\t\t\t\t\t<div class=\"elementor-element elementor-element-f46bd6d elementor-widget elementor-widget-gva-counter\" data-id=\"f46bd6d\" data-element_type=\"widget\" data-widget_type=\"gva-counter.default\">\n\t\t\t\t<div class=\"elementor-widget-container\">\n\t\t\t<div class=\"gva-element-gva-counter gva-element\">\r\n         <div class=\"widget milestone-block style-2\">\r\n         <div class=\"box-content\">\r\n                           <div class=\"milestone-icon\">\r\n                  <span class=\"icon\">\r\n                     <i aria-hidden=\"true\" class=\" icon-conult-help\"><\/i>                  <\/span>\r\n               <\/div>\r\n            \r\n            <div class=\"milestone-content\">\r\n               \r\n               <div class=\"milestone-number-inner\">\r\n                                    <span class=\"milestone-number\">350<\/span>\r\n                                 <\/div>\r\n               \r\n                                 <div class=\"milestone-text\">\r\n                      Profissionais envolvidos                  <\/div>\r\n               \r\n            <\/div>\r\n            \r\n            \r\n         <\/div>   \r\n      <\/div> \r\n   \r\n<\/div>\t\t<\/div>\n\t\t\t\t<\/div>\n\t\t\t\t\t<\/div>\n\t\t<\/div>\n\t\t\t\t<div class=\"elementor-column elementor-col-33 elementor-inner-column elementor-element elementor-element-cef0e66\" data-id=\"cef0e66\" data-element_type=\"column\">\n\t\t\t<div class=\"elementor-widget-wrap elementor-element-populated\">\n\t\t\t\t\t\t\t\t<div class=\"elementor-element elementor-element-68d698a elementor-widget elementor-widget-gva-counter\" data-id=\"68d698a\" data-element_type=\"widget\" data-widget_type=\"gva-counter.default\">\n\t\t\t\t<div class=\"elementor-widget-container\">\n\t\t\t<div class=\"gva-element-gva-counter gva-element\">\r\n         <div class=\"widget milestone-block style-2\">\r\n         <div class=\"box-content\">\r\n                           <div class=\"milestone-icon\">\r\n                  <span class=\"icon\">\r\n                     <i aria-hidden=\"true\" class=\" icon-conult-help\"><\/i>                  <\/span>\r\n               <\/div>\r\n            \r\n            <div class=\"milestone-content\">\r\n               \r\n               <div class=\"milestone-number-inner\">\r\n                                    <span class=\"milestone-number\">11<\/span>\r\n                                 <\/div>\r\n               \r\n                                 <div class=\"milestone-text\">\r\n                      Anos no mercado                  <\/div>\r\n               \r\n            <\/div>\r\n            \r\n            \r\n         <\/div>   \r\n      <\/div> \r\n   \r\n<\/div>\t\t<\/div>\n\t\t\t\t<\/div>\n\t\t\t\t\t<\/div>\n\t\t<\/div>\n\t\t\t\t\t\t\t<\/div>\n\t\t<\/section>\n\t\t\t\t<div class=\"elementor-element elementor-element-ef60a69 effect-shape-1 elementor-widget__width-auto elementor-absolute elementor-widget elementor-widget-image\" data-id=\"ef60a69\" data-element_type=\"widget\" data-settings=\"{&quot;_position&quot;:&quot;absolute&quot;}\" data-widget_type=\"image.default\">\n\t\t\t\t<div class=\"elementor-widget-container\">\n\t\t\t\t\t\t\t\t\t\t\t\t\t\t\t<img loading=\"lazy\" decoding=\"async\" width=\"58\" height=\"68\" src=\"http:\/\/www.apiceadm.com.br\/2022\/wp-content\/uploads\/2022\/01\/shape-2.png\" class=\"attachment-full size-full\" alt=\"shape\" \/>\t\t\t\t\t\t\t\t\t\t\t\t\t\t\t<\/div>\n\t\t\t\t<\/div>\n\t\t\t\t<div class=\"elementor-element elementor-element-c0ac228 effect-shape-2 elementor-widget__width-auto elementor-absolute elementor-widget elementor-widget-image\" data-id=\"c0ac228\" data-element_type=\"widget\" data-settings=\"{&quot;_position&quot;:&quot;absolute&quot;}\" data-widget_type=\"image.default\">\n\t\t\t\t<div class=\"elementor-widget-container\">\n\t\t\t\t\t\t\t\t\t\t\t\t\t\t\t<img loading=\"lazy\" decoding=\"async\" width=\"269\" height=\"312\" src=\"http:\/\/www.apiceadm.com.br\/2022\/wp-content\/uploads\/2022\/01\/shape-1.png\" class=\"attachment-full size-full\" alt=\"shape\" \/>\t\t\t\t\t\t\t\t\t\t\t\t\t\t\t<\/div>\n\t\t\t\t<\/div>\n\t\t\t\t\t<\/div>\n\t\t<\/div>\n\t\t\t\t\t\t\t<\/div>\n\t\t<\/section>\n\t\t\t\t<section class=\"elementor-section elementor-top-section elementor-element elementor-element-603e9c5 elementor-section-boxed elementor-section-height-default elementor-section-height-default\" data-id=\"603e9c5\" data-element_type=\"section\" data-settings=\"{&quot;background_background&quot;:&quot;classic&quot;}\">\n\t\t\t\t\t\t\t<div class=\"elementor-background-overlay\"><\/div>\n\t\t\t\t\t\t\t<div class=\"elementor-container elementor-column-gap-default\">\n\t\t\t\t\t<div class=\"elementor-column elementor-col-100 elementor-top-column elementor-element elementor-element-5636f3c\" data-id=\"5636f3c\" data-element_type=\"column\">\n\t\t\t<div class=\"elementor-widget-wrap elementor-element-populated\">\n\t\t\t\t\t\t\t\t<div class=\"elementor-element elementor-element-cc5afad elementor-widget elementor-widget-gva-heading-block\" data-id=\"cc5afad\" data-element_type=\"widget\" data-widget_type=\"gva-heading-block.default\">\n\t\t\t\t<div class=\"elementor-widget-container\">\n\t\t\t<div class=\"gva-element-gva-heading-block gva-element\">   <div class=\"align-center style-1 widget gsc-heading box-align-left auto-responsive\">\r\n      <div class=\"content-inner\">\r\n         \r\n         \r\n         \r\n           \r\n         \r\n                     <h2 class=\"title\">\r\n               <span>Estamos entregando os melhores Servi\u00e7os.<\/span>\r\n            <\/h2>\r\n                  \r\n         \r\n      <\/div>\r\n   <\/div>\r\n<\/div>\t\t<\/div>\n\t\t\t\t<\/div>\n\t\t\t\t\t<\/div>\n\t\t<\/div>\n\t\t\t\t\t\t\t<\/div>\n\t\t<\/section>\n\t\t\t\t\t\t\t<\/div>\n\t\t","protected":false},"excerpt":{"rendered":"<p>TECNOLOGIA E SEGURAN\u00c7A AO SEU LADO Nosso compromisso \u00e9 com o seu sossego. SOBRE A \u00c1PICE H\u00e1 mais de 10 anos Desde janeiro de 2011, a \u00c1pice vem se posicionando [&hellip;]<\/p>\n","protected":false},"author":1,"featured_media":0,"parent":0,"menu_order":0,"comment_status":"closed","ping_status":"closed","template":"","meta":{"footnotes":""},"_links":{"self":[{"href":"http:\/\/www.apiceadm.com.br\/2022\/wp-json\/wp\/v2\/pages\/21"}],"collection":[{"href":"http:\/\/www.apiceadm.com.br\/2022\/wp-json\/wp\/v2\/pages"}],"about":[{"href":"http:\/\/www.apiceadm.com.br\/2022\/wp-json\/wp\/v2\/types\/page"}],"author":[{"embeddable":true,"href":"http:\/\/www.apiceadm.com.br\/2022\/wp-json\/wp\/v2\/users\/1"}],"replies":[{"embeddable":true,"href":"http:\/\/www.apiceadm.com.br\/2022\/wp-json\/wp\/v2\/comments?post=21"}],"version-history":[{"count":26,"href":"http:\/\/www.apiceadm.com.br\/2022\/wp-json\/wp\/v2\/pages\/21\/revisions"}],"predecessor-version":[{"id":1639,"href":"http:\/\/www.apiceadm.com.br\/2022\/wp-json\/wp\/v2\/pages\/21\/revisions\/1639"}],"wp:attachment":[{"href":"http:\/\/www.apiceadm.com.br\/2022\/wp-json\/wp\/v2\/media?parent=21"}],"curies":[{"name":"wp","href":"https:\/\/api.w.org\/{rel}","templated":true}]}}